{"id":1745,"date":"2026-01-26T10:29:19","date_gmt":"2026-01-26T16:29:19","guid":{"rendered":"https:\/\/www.vazquezins.com\/terms-conditions\/"},"modified":"2026-01-26T10:31:29","modified_gmt":"2026-01-26T16:31:29","slug":"terms-conditions","status":"publish","type":"page","link":"https:\/\/www.vazquezins.com\/es\/terms-conditions\/","title":{"rendered":"T\u00e9rminos y Condiciones"},"content":{"rendered":"<p>Usted acepta recibir mensajes informativos (Atenci\u00f3n al Cliente) de VAZQUEZ INSURANCE SERVICES. La frecuencia de los mensajes var\u00eda. Pueden aplicarse tarifas de mensajer\u00eda y datos. Para obtener ayuda, responda HELP o env\u00edenos un correo electr\u00f3nico a <a href=\"mailto:jvazquez@vazquezins.com\" target=\"_blank\" rel=\"noopener\">jvazquez@vazquezins.com<\/a>. Puede cancelar su suscripci\u00f3n en cualquier momento respondiendo STOP.<\/p>\n","protected":false},"excerpt":{"rendered":"<p>Usted acepta recibir mensajes informativos (Atenci\u00f3n al Cliente) de VAZQUEZ INSURANCE SERVICES. La frecuencia de los mensajes var\u00eda. Pueden aplicarse tarifas de mensajer\u00eda y datos. Para obtener ayuda, responda HELP o env\u00edenos un correo electr\u00f3nico a jvazquez@vazquezins.com. Puede cancelar su suscripci\u00f3n en cualquier momento respondiendo STOP.<\/p>\n","protected":false},"author":69,"featured_media":0,"parent":0,"menu_order":0,"comment_status":"closed","ping_status":"closed","template":"","meta":{"_acf_changed":false,"_seopress_robots_primary_cat":"","_seopress_titles_title":"","_seopress_titles_desc":"","_seopress_robots_index":"","_analytify_skip_tracking":false,"footnotes":""},"class_list":["post-1745","page","type-page","status-publish","hentry"],"acf":[],"_links":{"self":[{"href":"https:\/\/www.vazquezins.com\/es\/wp-json\/wp\/v2\/pages\/1745","targetHints":{"allow":["GET"]}}],"collection":[{"href":"https:\/\/www.vazquezins.com\/es\/wp-json\/wp\/v2\/pages"}],"about":[{"href":"https:\/\/www.vazquezins.com\/es\/wp-json\/wp\/v2\/types\/page"}],"author":[{"embeddable":true,"href":"https:\/\/www.vazquezins.com\/es\/wp-json\/wp\/v2\/users\/69"}],"replies":[{"embeddable":true,"href":"https:\/\/www.vazquezins.com\/es\/wp-json\/wp\/v2\/comments?post=1745"}],"version-history":[{"count":0,"href":"https:\/\/www.vazquezins.com\/es\/wp-json\/wp\/v2\/pages\/1745\/revisions"}],"wp:attachment":[{"href":"https:\/\/www.vazquezins.com\/es\/wp-json\/wp\/v2\/media?parent=1745"}],"curies":[{"name":"wp","href":"https:\/\/api.w.org\/{rel}","templated":true}]}}